{"id":2063,"date":"2020-05-31T09:10:57","date_gmt":"2020-05-31T08:10:57","guid":{"rendered":"https:\/\/sogecodel.com\/faq\/"},"modified":"2023-08-07T14:04:40","modified_gmt":"2023-08-07T13:04:40","slug":"faq","status":"publish","type":"page","link":"https:\/\/sogecodel.com\/fr\/faq\/","title":{"rendered":"FAQ"},"content":{"rendered":"<p>[vc_row full_width=&#8221;stretch_row&#8221; bg_color_scheme=&#8221;white&#8221; el_class=&#8221;sigma-z-index-0 sigma-accordion-style-1&#8243; css=&#8221;.vc_custom_1588487338461{padding-top: 100px !important;padding-bottom: 0px !important;}&#8221; row_css_xs=&#8221;.vc_custom_1588487338463{padding-top: 60px !important;}&#8221;][vc_column css=&#8221;.vc_custom_1585780687609{padding-right: 30px !important;}&#8221;][vc_row_inner][vc_column_inner]\t\t<div  class=\"sigma_custom_heading_wrapper sigma-custom-heading-1185155774 sigma-shortcode-wrapper custom-heading-style-1 subtitle-text- title-text- heading-alignment-center text-center\">\n\t\t\t<div class=\"sigma-custom-heading-wrapper\">\n\t\t\t<div class=\"sigma-heading-subtitle-wrapper\">\n\t\t\t<h3 class=\"heading-subtitle\">\n\t\t\t\tFaq 1\t\t\t<\/h3>\n\t\t<\/div>\n\t\t\t\t<div class=\"sigma-heading-title-wrapper\">\n\t\t\t<h3 class=\"heading-title\">\n\t\t\t\tFoire aux questions (FAQ) - SOGECODEL S.A.R.L\t\t\t<\/h3>\n\t\t<\/div>\n\t\t<\/div>\n\t\t<\/div>\n\t\t[\/vc_column_inner][\/vc_row_inner][vc_tta_accordion shape=&#8221;square&#8221; color=&#8221;white&#8221; c_position=&#8221;right&#8221; active_section=&#8221;1&#8243;][vc_tta_section title=&#8221;1. Quels sont les services offerts par SOGECODEL S.A.R.L ?&#8221; tab_id=&#8221;1585768153475-cb5f3c27-f8e2&#8243;][vc_column_text]SOGECODEL S.A.R.L est sp\u00e9cialis\u00e9e dans le d\u00e9douanement, le courtage et les solutions d&#8217;import-export. Nous facilitons la circulation des marchandises, en veillant au respect des r\u00e9glementations et \u00e0 l&#8217;efficacit\u00e9 des op\u00e9rations commerciales.[\/vc_column_text][\/vc_tta_section][vc_tta_section title=&#8221;2. Comment SOGECODEL peut-elle aider mon entreprise en mati\u00e8re de d\u00e9douanement ?&#8221; tab_id=&#8221;1585768254686-8ec51f11-f577&#8243;][vc_column_text]Notre \u00e9quipe exp\u00e9riment\u00e9e ma\u00eetrise la complexit\u00e9 des proc\u00e9dures douani\u00e8res, acc\u00e9l\u00e8re le processus de d\u00e9douanement et minimise les retards, afin que votre entreprise puisse se concentrer sur ses activit\u00e9s principales.[\/vc_column_text][\/vc_tta_section][vc_tta_section title=&#8221;3. Quels sont les secteurs d&#8217;activit\u00e9 de SOGECODEL ?&#8221; tab_id=&#8221;1585768253236-3404ad31-9228&#8243;][vc_column_text]Nous r\u00e9pondons aux besoins d&#8217;un large \u00e9ventail d&#8217;industries, y compris les produits min\u00e9raux, les mati\u00e8res premi\u00e8res et les importations et exportations d&#8217;\u00e9quipements miniers, entre autres.[\/vc_column_text][\/vc_tta_section][vc_tta_section title=&#8221;4. Pourquoi choisir SOGECODEL pour les services d&#8217;importation et d&#8217;exportation ?&#8221; tab_id=&#8221;1596780524982-38511513-6b36&#8243;][vc_column_text]SOGECODEL propose des solutions sur mesure pour r\u00e9pondre \u00e0 vos besoins sp\u00e9cifiques, en s&#8217;appuyant sur son expertise en mati\u00e8re de courtage, de logistique et de r\u00e9glementation commerciale.[\/vc_column_text][\/vc_tta_section][vc_tta_section title=&#8221;5. Comment SOGECODEL contribue-t-il \u00e0 la croissance \u00e9conomique ?&#8221; tab_id=&#8221;1691304884153-72a490fe-1c08&#8243;][vc_column_text]Nos services contribuent \u00e0 cr\u00e9er un environnement commercial prosp\u00e8re, \u00e0 attirer les investissements, \u00e0 promouvoir un commerce efficace et \u00e0 favoriser un d\u00e9veloppement \u00e9conomique durable en R\u00e9publique d\u00e9mocratique du Congo.[\/vc_column_text][\/vc_tta_section][vc_tta_section title=&#8221;6. Qu&#8217;est-ce qui diff\u00e9rencie SOGECODEL des autres agents en douane ?&#8221; tab_id=&#8221;1691304981504-a01ac7fa-c871&#8243;][vc_column_text]Nous nous distinguons par notre engagement in\u00e9branlable en faveur de l&#8217;int\u00e9grit\u00e9, notre approche centr\u00e9e sur le client, nos partenariats collaboratifs, nos solutions innovantes et notre engagement en faveur du d\u00e9veloppement durable.[\/vc_column_text][\/vc_tta_section][vc_tta_section title=&#8221;7. SOGECODEL peut-il aider \u00e0 naviguer dans des r\u00e9glementations commerciales complexes ?&#8221; tab_id=&#8221;1691305022034-a4d5a8bf-ca4c&#8221;][vc_column_text]Absolument. Nous excellons dans l&#8217;interpr\u00e9tation et le respect des r\u00e9glementations commerciales complexes, garantissant ainsi que vos importations et exportations sont en parfaite conformit\u00e9 avec les exigences l\u00e9gales.[\/vc_column_text][\/vc_tta_section][vc_tta_section title=&#8221;8. Comment puis-je contacter SOGECODEL pour toute demande de renseignements ou d&#8217;assistance ?&#8221; tab_id=&#8221;1691305088152-38096241-3477&#8243;][vc_column_text]Vous pouvez nous contacter par le biais du formulaire de contact de notre site web, par courrier \u00e9lectronique ou par t\u00e9l\u00e9phone. Notre \u00e9quipe r\u00e9active est toujours pr\u00eate \u00e0 r\u00e9pondre \u00e0 vos questions et \u00e0 vous fournir une assistance.[\/vc_column_text][\/vc_tta_section][vc_tta_section title=&#8221;9. SOGECODEL propose-t-elle des solutions personnalis\u00e9es pour r\u00e9pondre \u00e0 des besoins commerciaux uniques ?&#8221; tab_id=&#8221;1691305121131-e053a63a-c482&#8243;][vc_column_text]Oui, nous sommes fiers de fournir des solutions personnalis\u00e9es adapt\u00e9es \u00e0 vos besoins commerciaux sp\u00e9cifiques, garantissant ainsi une exp\u00e9rience sans faille.[\/vc_column_text][\/vc_tta_section][vc_tta_section title=&#8221;10. Quel est l&#8217;engagement de SOGECODEL en mati\u00e8re de d\u00e9veloppement durable ?&#8221; tab_id=&#8221;1691305181417-15e64e83-3fdc&#8221;][vc_column_text]Nous int\u00e9grons des pratiques durables dans nos activit\u00e9s, afin de minimiser notre impact sur l&#8217;environnement et de contribuer \u00e0 un avenir plus vert pour notre communaut\u00e9.[\/vc_column_text][\/vc_tta_section][vc_tta_section title=&#8221;11. Les services de SOGECODEL sont-ils limit\u00e9s au commerce local ?&#8221; tab_id=&#8221;1691305224564-d721a604-f871&#8243;][vc_column_text]Non, nos services s&#8217;\u00e9tendent au commerce local et international, ce qui fait de nous un partenaire fiable pour les op\u00e9rations commerciales transfrontali\u00e8res.[\/vc_column_text][\/vc_tta_section][vc_tta_section title=&#8221;12. Comment SOGECODEL assure-t-elle la s\u00e9curit\u00e9 et la confidentialit\u00e9 des donn\u00e9es ?&#8221; tab_id=&#8221;1691305344687-6a5f3f03-4448&#8243;][vc_column_text]Nous accordons la priorit\u00e9 \u00e0 la s\u00e9curit\u00e9 et \u00e0 la confidentialit\u00e9 de vos informations, en employant des mesures robustes de protection des donn\u00e9es et en adh\u00e9rant \u00e0 des normes de confidentialit\u00e9 strictes.[\/vc_column_text][\/vc_tta_section][vc_tta_section title=&#8221;13. SOGECODEL peut-elle intervenir pour des envois urgents ou des livraisons sensibles au temps ?&#8221; tab_id=&#8221;1691305399875-f4baed32-300f&#8221;][vc_column_text]Oui, nous comprenons l&#8217;importance des d\u00e9lais de livraison. Nous pouvons aider \u00e0 acc\u00e9l\u00e9rer les envois urgents tout en garantissant le respect de toutes les r\u00e9glementations n\u00e9cessaires.[\/vc_column_text][\/vc_tta_section][vc_tta_section title=&#8221;14. Quelles sont les zones g\u00e9ographiques couvertes par SOGECODEL ?&#8221; tab_id=&#8221;1691305439581-54760b93-c0bd&#8221;][vc_column_text]Bas\u00e9s \u00e0 Lubumbashi, nous disposons d&#8217;une large couverture op\u00e9rationnelle en R\u00e9publique d\u00e9mocratique du Congo, desservant diverses r\u00e9gions et facilitant les \u00e9changes commerciaux \u00e0 travers le pays.  <a href=\"https:\/\/www.google.com\/maps\/place\/SOGECODEL+Head+office\/@-10.7044898,25.4762489,17z\/data=!3m1!4b1!4m6!3m5!1s0x1979e5358d500e91:0x3b69ebe671a1fc6f!8m2!3d-10.7044898!4d25.4762489!16s%2Fg%2F11k45_wn7h?entry=ttu\">Voir notre adresse physique<\/a><\/p>\n<p>[\/vc_column_text][\/vc_tta_section][vc_tta_section title=&#8221;15. SOGECODEL est-elle impliqu\u00e9e dans des initiatives communautaires ou de RSE ?&#8221; tab_id=&#8221;1691305522697-8ed7429d-8c14&#8243;][vc_column_text]Oui, nous nous engageons \u00e0 rendre \u00e0 la communaut\u00e9 ce qu&#8217;elle nous a donn\u00e9 et nous nous engageons activement dans des initiatives de responsabilit\u00e9 sociale d&#8217;entreprise afin d&#8217;avoir un impact positif.[\/vc_column_text][\/vc_tta_section][\/vc_tta_accordion][\/vc_column][\/vc_row]<\/p>\n","protected":false},"excerpt":{"rendered":"<p>[vc_row full_width=&#8221;stretch_row&#8221; bg_color_scheme=&#8221;white&#8221; el_class=&#8221;sigma-z-index-0 sigma-accordion-style-1&#8243; css=&#8221;.vc_custom_1588487338461{padding-top: 100px !important;padding-bottom: 0px !important;}&#8221; row_css_xs=&#8221;.vc_custom_1588487338463{padding-top: 60px !important;}&#8221;][vc_column css=&#8221;.vc_custom_1585780687609{padding-right: 30px !important;}&#8221;][vc_row_inner][vc_column_inner][\/vc_column_inner][\/vc_row_inner][vc_tta_accordion shape=&#8221;square&#8221; color=&#8221;white&#8221; c_position=&#8221;right&#8221; active_section=&#8221;1&#8243;][vc_tta_section title=&#8221;1. Quels sont les services offerts par SOGECODEL S.A.R.L ?&#8221; tab_id=&#8221;1585768153475-cb5f3c27-f8e2&#8243;][vc_column_text]SOGECODEL S.A.R.L est sp\u00e9cialis\u00e9e dans le d\u00e9douanement, le courtage et les solutions d&#8217;import-export. Nous facilitons la circulation des marchandises, en veillant au respect des r\u00e9glementations [&hellip;]<\/p>\n","protected":false},"author":1,"featured_media":0,"parent":0,"menu_order":0,"comment_status":"closed","ping_status":"closed","template":"templates\/full-width.php","meta":{"_oct_exclude_from_cache":false,"_mi_skip_tracking":false,"_monsterinsights_sitenote_active":false,"_monsterinsights_sitenote_note":"","_monsterinsights_sitenote_category":0,"footnotes":""},"class_list":["post-2063","page","type-page","status-publish","hentry","without-image"],"yoast_head":"<!-- This site is optimized with the Yoast SEO plugin v20.13 - https:\/\/yoast.com\/wordpress\/plugins\/seo\/ -->\n<title>FAQ - SOGECODEL SARL<\/title>\n<meta name=\"robots\" content=\"index, follow, max-snippet:-1, max-image-preview:large, max-video-preview:-1\" \/>\n<link rel=\"canonical\" href=\"https:\/\/sogecodel.com\/fr\/faq\/\" \/>\n<meta property=\"og:locale\" content=\"fr_FR\" \/>\n<meta property=\"og:type\" content=\"article\" \/>\n<meta property=\"og:title\" content=\"FAQ - SOGECODEL SARL\" \/>\n<meta property=\"og:description\" content=\"[vc_row full_width=&#8221;stretch_row&#8221; bg_color_scheme=&#8221;white&#8221; el_class=&#8221;sigma-z-index-0 sigma-accordion-style-1&#8243; css=&#8221;.vc_custom_1588487338461{padding-top: 100px !important;padding-bottom: 0px !important;}&#8221; row_css_xs=&#8221;.vc_custom_1588487338463{padding-top: 60px !important;}&#8221;][vc_column css=&#8221;.vc_custom_1585780687609{padding-right: 30px !important;}&#8221;][vc_row_inner][vc_column_inner][\/vc_column_inner][\/vc_row_inner][vc_tta_accordion shape=&#8221;square&#8221; color=&#8221;white&#8221; c_position=&#8221;right&#8221; active_section=&#8221;1&#8243;][vc_tta_section title=&#8221;1. Quels sont les services offerts par SOGECODEL S.A.R.L ?&#8221; tab_id=&#8221;1585768153475-cb5f3c27-f8e2&#8243;][vc_column_text]SOGECODEL S.A.R.L est sp\u00e9cialis\u00e9e dans le d\u00e9douanement, le courtage et les solutions d&#8217;import-export. Nous facilitons la circulation des marchandises, en veillant au respect des r\u00e9glementations [&hellip;]\" \/>\n<meta property=\"og:url\" content=\"https:\/\/sogecodel.com\/fr\/faq\/\" \/>\n<meta property=\"og:site_name\" content=\"SOGECODEL SARL\" \/>\n<meta property=\"article:modified_time\" content=\"2023-08-07T13:04:40+00:00\" \/>\n<meta name=\"twitter:card\" content=\"summary_large_image\" \/>\n<meta name=\"twitter:label1\" content=\"Dur\u00e9e de lecture estim\u00e9e\" \/>\n\t<meta name=\"twitter:data1\" content=\"5 minutes\" \/>\n<script type=\"application\/ld+json\" class=\"yoast-schema-graph\">{\"@context\":\"https:\/\/schema.org\",\"@graph\":[{\"@type\":\"WebPage\",\"@id\":\"https:\/\/sogecodel.com\/fr\/faq\/\",\"url\":\"https:\/\/sogecodel.com\/fr\/faq\/\",\"name\":\"FAQ - SOGECODEL SARL\",\"isPartOf\":{\"@id\":\"https:\/\/sogecodel.com\/fr\/#website\"},\"datePublished\":\"2020-05-31T08:10:57+00:00\",\"dateModified\":\"2023-08-07T13:04:40+00:00\",\"breadcrumb\":{\"@id\":\"https:\/\/sogecodel.com\/fr\/faq\/#breadcrumb\"},\"inLanguage\":\"fr-FR\",\"potentialAction\":[{\"@type\":\"ReadAction\",\"target\":[\"https:\/\/sogecodel.com\/fr\/faq\/\"]}]},{\"@type\":\"BreadcrumbList\",\"@id\":\"https:\/\/sogecodel.com\/fr\/faq\/#breadcrumb\",\"itemListElement\":[{\"@type\":\"ListItem\",\"position\":1,\"name\":\"Home\",\"item\":\"https:\/\/sogecodel.com\/fr\/\"},{\"@type\":\"ListItem\",\"position\":2,\"name\":\"FAQ\"}]},{\"@type\":\"WebSite\",\"@id\":\"https:\/\/sogecodel.com\/fr\/#website\",\"url\":\"https:\/\/sogecodel.com\/fr\/\",\"name\":\"SOGECODEL SARL\",\"description\":\"SOGECODEL S.A.R.L specializes in customs clearance, brokerage, and import-export solutions. We facilitate the smooth flow of goods, ensuring compliance with regulations and efficient trade operations.\",\"publisher\":{\"@id\":\"https:\/\/sogecodel.com\/fr\/#organization\"},\"potentialAction\":[{\"@type\":\"SearchAction\",\"target\":{\"@type\":\"EntryPoint\",\"urlTemplate\":\"https:\/\/sogecodel.com\/fr\/?s={search_term_string}\"},\"query-input\":\"required name=search_term_string\"}],\"inLanguage\":\"fr-FR\"},{\"@type\":\"Organization\",\"@id\":\"https:\/\/sogecodel.com\/fr\/#organization\",\"name\":\"SOGECODEL SARL\",\"url\":\"https:\/\/sogecodel.com\/fr\/\",\"logo\":{\"@type\":\"ImageObject\",\"inLanguage\":\"fr-FR\",\"@id\":\"https:\/\/sogecodel.com\/fr\/#\/schema\/logo\/image\/\",\"url\":\"https:\/\/sogecodel.com\/wp-content\/uploads\/2022\/02\/logo-1.png\",\"contentUrl\":\"https:\/\/sogecodel.com\/wp-content\/uploads\/2022\/02\/logo-1.png\",\"width\":656,\"height\":170,\"caption\":\"SOGECODEL SARL\"},\"image\":{\"@id\":\"https:\/\/sogecodel.com\/fr\/#\/schema\/logo\/image\/\"}}]}<\/script>\n<!-- \/ Yoast SEO plugin. -->","yoast_head_json":{"title":"FAQ - SOGECODEL SARL","robots":{"index":"index","follow":"follow","max-snippet":"max-snippet:-1","max-image-preview":"max-image-preview:large","max-video-preview":"max-video-preview:-1"},"canonical":"https:\/\/sogecodel.com\/fr\/faq\/","og_locale":"fr_FR","og_type":"article","og_title":"FAQ - SOGECODEL SARL","og_description":"[vc_row full_width=&#8221;stretch_row&#8221; bg_color_scheme=&#8221;white&#8221; el_class=&#8221;sigma-z-index-0 sigma-accordion-style-1&#8243; css=&#8221;.vc_custom_1588487338461{padding-top: 100px !important;padding-bottom: 0px !important;}&#8221; row_css_xs=&#8221;.vc_custom_1588487338463{padding-top: 60px !important;}&#8221;][vc_column css=&#8221;.vc_custom_1585780687609{padding-right: 30px !important;}&#8221;][vc_row_inner][vc_column_inner][\/vc_column_inner][\/vc_row_inner][vc_tta_accordion shape=&#8221;square&#8221; color=&#8221;white&#8221; c_position=&#8221;right&#8221; active_section=&#8221;1&#8243;][vc_tta_section title=&#8221;1. Quels sont les services offerts par SOGECODEL S.A.R.L ?&#8221; tab_id=&#8221;1585768153475-cb5f3c27-f8e2&#8243;][vc_column_text]SOGECODEL S.A.R.L est sp\u00e9cialis\u00e9e dans le d\u00e9douanement, le courtage et les solutions d&#8217;import-export. Nous facilitons la circulation des marchandises, en veillant au respect des r\u00e9glementations [&hellip;]","og_url":"https:\/\/sogecodel.com\/fr\/faq\/","og_site_name":"SOGECODEL SARL","article_modified_time":"2023-08-07T13:04:40+00:00","twitter_card":"summary_large_image","twitter_misc":{"Dur\u00e9e de lecture estim\u00e9e":"5 minutes"},"schema":{"@context":"https:\/\/schema.org","@graph":[{"@type":"WebPage","@id":"https:\/\/sogecodel.com\/fr\/faq\/","url":"https:\/\/sogecodel.com\/fr\/faq\/","name":"FAQ - SOGECODEL SARL","isPartOf":{"@id":"https:\/\/sogecodel.com\/fr\/#website"},"datePublished":"2020-05-31T08:10:57+00:00","dateModified":"2023-08-07T13:04:40+00:00","breadcrumb":{"@id":"https:\/\/sogecodel.com\/fr\/faq\/#breadcrumb"},"inLanguage":"fr-FR","potentialAction":[{"@type":"ReadAction","target":["https:\/\/sogecodel.com\/fr\/faq\/"]}]},{"@type":"BreadcrumbList","@id":"https:\/\/sogecodel.com\/fr\/faq\/#breadcrumb","itemListElement":[{"@type":"ListItem","position":1,"name":"Home","item":"https:\/\/sogecodel.com\/fr\/"},{"@type":"ListItem","position":2,"name":"FAQ"}]},{"@type":"WebSite","@id":"https:\/\/sogecodel.com\/fr\/#website","url":"https:\/\/sogecodel.com\/fr\/","name":"SOGECODEL SARL","description":"SOGECODEL S.A.R.L specializes in customs clearance, brokerage, and import-export solutions. We facilitate the smooth flow of goods, ensuring compliance with regulations and efficient trade operations.","publisher":{"@id":"https:\/\/sogecodel.com\/fr\/#organization"},"potentialAction":[{"@type":"SearchAction","target":{"@type":"EntryPoint","urlTemplate":"https:\/\/sogecodel.com\/fr\/?s={search_term_string}"},"query-input":"required name=search_term_string"}],"inLanguage":"fr-FR"},{"@type":"Organization","@id":"https:\/\/sogecodel.com\/fr\/#organization","name":"SOGECODEL SARL","url":"https:\/\/sogecodel.com\/fr\/","logo":{"@type":"ImageObject","inLanguage":"fr-FR","@id":"https:\/\/sogecodel.com\/fr\/#\/schema\/logo\/image\/","url":"https:\/\/sogecodel.com\/wp-content\/uploads\/2022\/02\/logo-1.png","contentUrl":"https:\/\/sogecodel.com\/wp-content\/uploads\/2022\/02\/logo-1.png","width":656,"height":170,"caption":"SOGECODEL SARL"},"image":{"@id":"https:\/\/sogecodel.com\/fr\/#\/schema\/logo\/image\/"}}]}},"_links":{"self":[{"href":"https:\/\/sogecodel.com\/fr\/wp-json\/wp\/v2\/pages\/2063","targetHints":{"allow":["GET"]}}],"collection":[{"href":"https:\/\/sogecodel.com\/fr\/wp-json\/wp\/v2\/pages"}],"about":[{"href":"https:\/\/sogecodel.com\/fr\/wp-json\/wp\/v2\/types\/page"}],"author":[{"embeddable":true,"href":"https:\/\/sogecodel.com\/fr\/wp-json\/wp\/v2\/users\/1"}],"replies":[{"embeddable":true,"href":"https:\/\/sogecodel.com\/fr\/wp-json\/wp\/v2\/comments?post=2063"}],"version-history":[{"count":5,"href":"https:\/\/sogecodel.com\/fr\/wp-json\/wp\/v2\/pages\/2063\/revisions"}],"predecessor-version":[{"id":2128,"href":"https:\/\/sogecodel.com\/fr\/wp-json\/wp\/v2\/pages\/2063\/revisions\/2128"}],"wp:attachment":[{"href":"https:\/\/sogecodel.com\/fr\/wp-json\/wp\/v2\/media?parent=2063"}],"curies":[{"name":"wp","href":"https:\/\/api.w.org\/{rel}","templated":true}]}}