{"id":2011,"date":"2020-05-31T09:10:12","date_gmt":"2020-05-31T08:10:12","guid":{"rendered":"https:\/\/sogecodel.com\/services\/"},"modified":"2023-08-07T14:05:38","modified_gmt":"2023-08-07T13:05:38","slug":"services","status":"publish","type":"page","link":"https:\/\/sogecodel.com\/fr\/services\/","title":{"rendered":"SERVICES"},"content":{"rendered":"<p>[vc_row][vc_column]\t\t<div  class=\"sigma_services_wrapper sigma-services-246261445 sigma-shortcode-wrapper services-style-1 services-layout-grid\">\n\t\t\t<div class=\"row\">\n\t\t\t<div class=\"col-xl-4 col-lg-4 col-md-6 col-sm-12\">\n\t\t\t<div class=\"sigma-service-slide\">\n\t<div class=\"sigma-service-service-wrapper\">\n\t\t<div class=\"sigma-service-service-thumbnail-wrapper\">\n\t\t\t\t\t\t<div class=\"sigma-service-image-container\">\n\t\t\t\t\t\t\t\t<a href=\"https:\/\/sogecodel.com\/fr\/service\/dedouanement\/\">\n\t\t\t\t\t<img decoding=\"async\" class=\"service-image\" src=\"https:\/\/sogecodel.com\/wp-content\/uploads\/2020\/06\/SOGECODEL-2-scaled.jpg\" alt=\"D\u00e9douanement\">\n\t\t\t\t<\/a>\n\t\t\t\t\t\t\t\t<\/div>\n\t\t<\/div>\n\t\t<div class=\"sigma-service-content-cover\">\n\t\t\t<div class=\"sigma-service-date\">\n\t\t\t\t\t\t\t<i class=\"flaticon-open-box\"><\/i>\n\t\t\t\t\t\t\t<\/div>\n\t\t\t<div class=\"sigma-service-title\">\n\t\t\t\t<h3 class=\"service-title\">D\u00e9douanement<\/h3>\n\t\t\t<\/div>\n\t\t\t<div class=\"sigma-service-content\">\n\t\t\t\t<p>Expert en traitement douanier. Laissez-nous nous occuper des proc\u00e9dures douani\u00e8res complexes et concentrez-vous sur le d\u00e9veloppement de votre entreprise.<\/p>\n\t\t\t\t<a href=\"https:\/\/sogecodel.com\/fr\/service\/dedouanement\/\">Read More<\/a>\n\t\t\t<\/div>\n\t\t<\/div>\n\t<\/div>\n<\/div>\n\t\t<\/div>\n\t\t\t\t<div class=\"col-xl-4 col-lg-4 col-md-6 col-sm-12\">\n\t\t\t<div class=\"sigma-service-slide\">\n\t<div class=\"sigma-service-service-wrapper\">\n\t\t<div class=\"sigma-service-service-thumbnail-wrapper\">\n\t\t\t\t\t\t<div class=\"sigma-service-image-container\">\n\t\t\t\t\t\t\t\t<a href=\"https:\/\/sogecodel.com\/fr\/service\/importation-exportation\/\">\n\t\t\t\t\t<img decoding=\"async\" class=\"service-image\" src=\"https:\/\/sogecodel.com\/wp-content\/uploads\/2020\/06\/d9ebaf45c4c1c863938f79f9acf839b3-scaled.jpg\" alt=\"Importation - Exportation\">\n\t\t\t\t<\/a>\n\t\t\t\t\t\t\t\t<\/div>\n\t\t<\/div>\n\t\t<div class=\"sigma-service-content-cover\">\n\t\t\t<div class=\"sigma-service-date\">\n\t\t\t\t\t\t\t<i class=\"flaticon-worldwide\"><\/i>\n\t\t\t\t\t\t\t<\/div>\n\t\t\t<div class=\"sigma-service-title\">\n\t\t\t\t<h3 class=\"service-title\">Importation - Exportation<\/h3>\n\t\t\t<\/div>\n\t\t\t<div class=\"sigma-service-content\">\n\t\t\t\t<p>Un commerce mondial sans faille. Nous rationalisons vos processus d&#8217;importation et d&#8217;exportation, garantissant ainsi des transactions transfrontali\u00e8res fluides pour vos marchandises.<\/p>\n\t\t\t\t<a href=\"https:\/\/sogecodel.com\/fr\/service\/importation-exportation\/\">Read More<\/a>\n\t\t\t<\/div>\n\t\t<\/div>\n\t<\/div>\n<\/div>\n\t\t<\/div>\n\t\t\t\t<div class=\"col-xl-4 col-lg-4 col-md-6 col-sm-12\">\n\t\t\t<div class=\"sigma-service-slide\">\n\t<div class=\"sigma-service-service-wrapper\">\n\t\t<div class=\"sigma-service-service-thumbnail-wrapper\">\n\t\t\t\t\t\t<div class=\"sigma-service-image-container\">\n\t\t\t\t\t\t\t\t<a href=\"https:\/\/sogecodel.com\/fr\/service\/transit-et-transport\/\">\n\t\t\t\t\t<img decoding=\"async\" class=\"service-image\" src=\"https:\/\/sogecodel.com\/wp-content\/uploads\/2020\/06\/SOGECODEL-scaled.jpg\" alt=\"Transit et transport\">\n\t\t\t\t<\/a>\n\t\t\t\t\t\t\t\t<\/div>\n\t\t<\/div>\n\t\t<div class=\"sigma-service-content-cover\">\n\t\t\t<div class=\"sigma-service-date\">\n\t\t\t\t\t\t\t<i class=\"flaticon-process\"><\/i>\n\t\t\t\t\t\t\t<\/div>\n\t\t\t<div class=\"sigma-service-title\">\n\t\t\t\t<h3 class=\"service-title\">Transit et transport<\/h3>\n\t\t\t<\/div>\n\t\t\t<div class=\"sigma-service-content\">\n\t\t\t\t<p>Des solutions efficaces pour les transports en commun. Nos services de transport fiables garantissent que vos marchandises arrivent \u00e0 destination rapidement et en toute s\u00e9curit\u00e9.<\/p>\n\t\t\t\t<a href=\"https:\/\/sogecodel.com\/fr\/service\/transit-et-transport\/\">Read More<\/a>\n\t\t\t<\/div>\n\t\t<\/div>\n\t<\/div>\n<\/div>\n\t\t<\/div>\n\t\t\t\t<div class=\"col-xl-4 col-lg-4 col-md-6 col-sm-12\">\n\t\t\t<div class=\"sigma-service-slide\">\n\t<div class=\"sigma-service-service-wrapper\">\n\t\t<div class=\"sigma-service-service-thumbnail-wrapper\">\n\t\t\t\t\t\t<div class=\"sigma-service-image-container\">\n\t\t\t\t\t\t\t\t<a href=\"https:\/\/sogecodel.com\/fr\/service\/services-de-protocole\/\">\n\t\t\t\t\t<img decoding=\"async\" class=\"service-image\" src=\"https:\/\/sogecodel.com\/wp-content\/uploads\/2020\/06\/internation.jpg\" alt=\"Services de protocole\">\n\t\t\t\t<\/a>\n\t\t\t\t\t\t\t\t<\/div>\n\t\t<\/div>\n\t\t<div class=\"sigma-service-content-cover\">\n\t\t\t<div class=\"sigma-service-date\">\n\t\t\t\t\t\t\t<i class=\"flaticon-globe-1\"><\/i>\n\t\t\t\t\t\t\t<\/div>\n\t\t\t<div class=\"sigma-service-title\">\n\t\t\t\t<h3 class=\"service-title\">Services de protocole<\/h3>\n\t\t\t<\/div>\n\t\t\t<div class=\"sigma-service-content\">\n\t\t\t\t<p>Nos services protocolaires t\u00e9moignent de notre engagement \u00e0 renforcer vos activit\u00e9s commerciales \u00e0 l&#8217;\u00e9chelle mondiale.<\/p>\n\t\t\t\t<a href=\"https:\/\/sogecodel.com\/fr\/service\/services-de-protocole\/\">Read More<\/a>\n\t\t\t<\/div>\n\t\t<\/div>\n\t<\/div>\n<\/div>\n\t\t<\/div>\n\t\t\t\t<div class=\"col-xl-4 col-lg-4 col-md-6 col-sm-12\">\n\t\t\t<div class=\"sigma-service-slide\">\n\t<div class=\"sigma-service-service-wrapper\">\n\t\t<div class=\"sigma-service-service-thumbnail-wrapper\">\n\t\t\t\t\t\t<div class=\"sigma-service-image-container\">\n\t\t\t\t\t\t\t\t<a href=\"https:\/\/sogecodel.com\/fr\/service\/logistique\/\">\n\t\t\t\t\t<img decoding=\"async\" class=\"service-image\" src=\"https:\/\/sogecodel.com\/wp-content\/uploads\/2020\/06\/truck-rental.jpg\" alt=\"Logistique\">\n\t\t\t\t<\/a>\n\t\t\t\t\t\t\t\t<\/div>\n\t\t<\/div>\n\t\t<div class=\"sigma-service-content-cover\">\n\t\t\t<div class=\"sigma-service-date\">\n\t\t\t\t\t\t\t<i class=\"flaticon-camion-3\"><\/i>\n\t\t\t\t\t\t\t<\/div>\n\t\t\t<div class=\"sigma-service-title\">\n\t\t\t\t<h3 class=\"service-title\">Logistique<\/h3>\n\t\t\t<\/div>\n\t\t\t<div class=\"sigma-service-content\">\n\t\t\t\t<p>Notre service logistique complet est con\u00e7u pour s&#8217;int\u00e9grer de mani\u00e8re transparente dans votre cha\u00eene d&#8217;approvisionnement, garantissant des op\u00e9rations sans heurts, des livraisons dans les d\u00e9lais et des solutions rentables.<\/p>\n\t\t\t\t<a href=\"https:\/\/sogecodel.com\/fr\/service\/logistique\/\">Read More<\/a>\n\t\t\t<\/div>\n\t\t<\/div>\n\t<\/div>\n<\/div>\n\t\t<\/div>\n\t\t<\/div>\n\t\t<\/div>\n\t\t[\/vc_column][\/vc_row]<\/p>\n","protected":false},"excerpt":{"rendered":"<p>[vc_row][vc_column][\/vc_column][\/vc_row]<\/p>\n","protected":false},"author":1,"featured_media":0,"parent":0,"menu_order":0,"comment_status":"closed","ping_status":"closed","template":"templates\/full-width.php","meta":{"_oct_exclude_from_cache":false,"_mi_skip_tracking":false,"_monsterinsights_sitenote_active":false,"_monsterinsights_sitenote_note":"","_monsterinsights_sitenote_category":0,"footnotes":""},"class_list":["post-2011","page","type-page","status-publish","hentry"],"yoast_head":"<!-- This site is optimized with the Yoast SEO plugin v20.13 - https:\/\/yoast.com\/wordpress\/plugins\/seo\/ -->\n<title>SERVICES - SOGECODEL SARL<\/title>\n<meta name=\"robots\" content=\"index, follow, max-snippet:-1, max-image-preview:large, max-video-preview:-1\" \/>\n<link rel=\"canonical\" href=\"https:\/\/sogecodel.com\/fr\/services\/\" \/>\n<meta property=\"og:locale\" content=\"fr_FR\" \/>\n<meta property=\"og:type\" content=\"article\" \/>\n<meta property=\"og:title\" content=\"SERVICES - SOGECODEL SARL\" \/>\n<meta property=\"og:description\" content=\"[vc_row][vc_column][\/vc_column][\/vc_row]\" \/>\n<meta property=\"og:url\" content=\"https:\/\/sogecodel.com\/fr\/services\/\" \/>\n<meta property=\"og:site_name\" content=\"SOGECODEL SARL\" \/>\n<meta property=\"article:modified_time\" content=\"2023-08-07T13:05:38+00:00\" \/>\n<meta name=\"twitter:card\" content=\"summary_large_image\" \/>\n<script type=\"application\/ld+json\" class=\"yoast-schema-graph\">{\"@context\":\"https:\/\/schema.org\",\"@graph\":[{\"@type\":\"WebPage\",\"@id\":\"https:\/\/sogecodel.com\/fr\/services\/\",\"url\":\"https:\/\/sogecodel.com\/fr\/services\/\",\"name\":\"SERVICES - SOGECODEL SARL\",\"isPartOf\":{\"@id\":\"https:\/\/sogecodel.com\/fr\/#website\"},\"datePublished\":\"2020-05-31T08:10:12+00:00\",\"dateModified\":\"2023-08-07T13:05:38+00:00\",\"breadcrumb\":{\"@id\":\"https:\/\/sogecodel.com\/fr\/services\/#breadcrumb\"},\"inLanguage\":\"fr-FR\",\"potentialAction\":[{\"@type\":\"ReadAction\",\"target\":[\"https:\/\/sogecodel.com\/fr\/services\/\"]}]},{\"@type\":\"BreadcrumbList\",\"@id\":\"https:\/\/sogecodel.com\/fr\/services\/#breadcrumb\",\"itemListElement\":[{\"@type\":\"ListItem\",\"position\":1,\"name\":\"Home\",\"item\":\"https:\/\/sogecodel.com\/fr\/\"},{\"@type\":\"ListItem\",\"position\":2,\"name\":\"SERVICES\"}]},{\"@type\":\"WebSite\",\"@id\":\"https:\/\/sogecodel.com\/fr\/#website\",\"url\":\"https:\/\/sogecodel.com\/fr\/\",\"name\":\"SOGECODEL SARL\",\"description\":\"SOGECODEL S.A.R.L specializes in customs clearance, brokerage, and import-export solutions. We facilitate the smooth flow of goods, ensuring compliance with regulations and efficient trade operations.\",\"publisher\":{\"@id\":\"https:\/\/sogecodel.com\/fr\/#organization\"},\"potentialAction\":[{\"@type\":\"SearchAction\",\"target\":{\"@type\":\"EntryPoint\",\"urlTemplate\":\"https:\/\/sogecodel.com\/fr\/?s={search_term_string}\"},\"query-input\":\"required name=search_term_string\"}],\"inLanguage\":\"fr-FR\"},{\"@type\":\"Organization\",\"@id\":\"https:\/\/sogecodel.com\/fr\/#organization\",\"name\":\"SOGECODEL SARL\",\"url\":\"https:\/\/sogecodel.com\/fr\/\",\"logo\":{\"@type\":\"ImageObject\",\"inLanguage\":\"fr-FR\",\"@id\":\"https:\/\/sogecodel.com\/fr\/#\/schema\/logo\/image\/\",\"url\":\"https:\/\/sogecodel.com\/wp-content\/uploads\/2022\/02\/logo-1.png\",\"contentUrl\":\"https:\/\/sogecodel.com\/wp-content\/uploads\/2022\/02\/logo-1.png\",\"width\":656,\"height\":170,\"caption\":\"SOGECODEL SARL\"},\"image\":{\"@id\":\"https:\/\/sogecodel.com\/fr\/#\/schema\/logo\/image\/\"}}]}<\/script>\n<!-- \/ Yoast SEO plugin. -->","yoast_head_json":{"title":"SERVICES - SOGECODEL SARL","robots":{"index":"index","follow":"follow","max-snippet":"max-snippet:-1","max-image-preview":"max-image-preview:large","max-video-preview":"max-video-preview:-1"},"canonical":"https:\/\/sogecodel.com\/fr\/services\/","og_locale":"fr_FR","og_type":"article","og_title":"SERVICES - SOGECODEL SARL","og_description":"[vc_row][vc_column][\/vc_column][\/vc_row]","og_url":"https:\/\/sogecodel.com\/fr\/services\/","og_site_name":"SOGECODEL SARL","article_modified_time":"2023-08-07T13:05:38+00:00","twitter_card":"summary_large_image","schema":{"@context":"https:\/\/schema.org","@graph":[{"@type":"WebPage","@id":"https:\/\/sogecodel.com\/fr\/services\/","url":"https:\/\/sogecodel.com\/fr\/services\/","name":"SERVICES - SOGECODEL SARL","isPartOf":{"@id":"https:\/\/sogecodel.com\/fr\/#website"},"datePublished":"2020-05-31T08:10:12+00:00","dateModified":"2023-08-07T13:05:38+00:00","breadcrumb":{"@id":"https:\/\/sogecodel.com\/fr\/services\/#breadcrumb"},"inLanguage":"fr-FR","potentialAction":[{"@type":"ReadAction","target":["https:\/\/sogecodel.com\/fr\/services\/"]}]},{"@type":"BreadcrumbList","@id":"https:\/\/sogecodel.com\/fr\/services\/#breadcrumb","itemListElement":[{"@type":"ListItem","position":1,"name":"Home","item":"https:\/\/sogecodel.com\/fr\/"},{"@type":"ListItem","position":2,"name":"SERVICES"}]},{"@type":"WebSite","@id":"https:\/\/sogecodel.com\/fr\/#website","url":"https:\/\/sogecodel.com\/fr\/","name":"SOGECODEL SARL","description":"SOGECODEL S.A.R.L specializes in customs clearance, brokerage, and import-export solutions. We facilitate the smooth flow of goods, ensuring compliance with regulations and efficient trade operations.","publisher":{"@id":"https:\/\/sogecodel.com\/fr\/#organization"},"potentialAction":[{"@type":"SearchAction","target":{"@type":"EntryPoint","urlTemplate":"https:\/\/sogecodel.com\/fr\/?s={search_term_string}"},"query-input":"required name=search_term_string"}],"inLanguage":"fr-FR"},{"@type":"Organization","@id":"https:\/\/sogecodel.com\/fr\/#organization","name":"SOGECODEL SARL","url":"https:\/\/sogecodel.com\/fr\/","logo":{"@type":"ImageObject","inLanguage":"fr-FR","@id":"https:\/\/sogecodel.com\/fr\/#\/schema\/logo\/image\/","url":"https:\/\/sogecodel.com\/wp-content\/uploads\/2022\/02\/logo-1.png","contentUrl":"https:\/\/sogecodel.com\/wp-content\/uploads\/2022\/02\/logo-1.png","width":656,"height":170,"caption":"SOGECODEL SARL"},"image":{"@id":"https:\/\/sogecodel.com\/fr\/#\/schema\/logo\/image\/"}}]}},"_links":{"self":[{"href":"https:\/\/sogecodel.com\/fr\/wp-json\/wp\/v2\/pages\/2011","targetHints":{"allow":["GET"]}}],"collection":[{"href":"https:\/\/sogecodel.com\/fr\/wp-json\/wp\/v2\/pages"}],"about":[{"href":"https:\/\/sogecodel.com\/fr\/wp-json\/wp\/v2\/types\/page"}],"author":[{"embeddable":true,"href":"https:\/\/sogecodel.com\/fr\/wp-json\/wp\/v2\/users\/1"}],"replies":[{"embeddable":true,"href":"https:\/\/sogecodel.com\/fr\/wp-json\/wp\/v2\/comments?post=2011"}],"version-history":[{"count":2,"href":"https:\/\/sogecodel.com\/fr\/wp-json\/wp\/v2\/pages\/2011\/revisions"}],"predecessor-version":[{"id":2021,"href":"https:\/\/sogecodel.com\/fr\/wp-json\/wp\/v2\/pages\/2011\/revisions\/2021"}],"wp:attachment":[{"href":"https:\/\/sogecodel.com\/fr\/wp-json\/wp\/v2\/media?parent=2011"}],"curies":[{"name":"wp","href":"https:\/\/api.w.org\/{rel}","templated":true}]}}