{"id":2009,"date":"2020-05-31T09:09:54","date_gmt":"2020-05-31T08:09:54","guid":{"rendered":"https:\/\/sogecodel.com\/nos-flottes\/"},"modified":"2023-08-07T14:05:37","modified_gmt":"2023-08-07T13:05:37","slug":"nos-flottes","status":"publish","type":"page","link":"https:\/\/sogecodel.com\/fr\/nos-flottes\/","title":{"rendered":"Nos flottes"},"content":{"rendered":"<p>[vc_row][vc_column]\t\t<div  class=\"sigma_fleets_wrapper sigma-fleets-769826852 sigma-shortcode-wrapper fleets-style-1 fleets-layout-grid\">\n\t\t\t<div class=\"row\">\n\t\t\t<div class=\"col-xl-4 col-lg-4 col-md-6 col-sm-12\">\n\t\t\t<div class=\"sigma-fleets-slide\">\n\t<div class=\"sigma-fleets-wrapper\">\n\t\t<div class=\"sigma-fleets-thumbnail-wrapper\">\n\t\t\t\t\t\t<div class=\"sigma-fleets-image-container\">\n\t\t\t\t<a href=\"https:\/\/sogecodel.com\/fr\/flottes\/camion\/\">\n\t\t\t\t\t\t\t\t\t<img decoding=\"async\" class=\"fleets-image\" src=\"https:\/\/sogecodel.com\/wp-content\/uploads\/2020\/07\/08771650015366755389827.jpg\" alt=\"Camion\">\n\t\t\t\t\t<div class=\"fleet-link\">\n\t\t\t\t\t<a href=\"https:\/\/sogecodel.com\/fr\/flottes\/camion\/\"><i class=\"fas fa-link\"><\/i><\/a>\n\t\t\t\t\t<\/div>\n\t\t\t\t\t\t\t\t\t<\/a>\n\t\t\t<\/div>\n\t\t\t<div class=\"sigma-fleets-content-cover\">\n\t\t\t\t<div class=\"sigma-fleets-action-icons\">\n\t\t\t\t\t\t\t\t\t\t<a class=\"sigma-mfg-popup-image\" href=\"https:\/\/sogecodel.com\/wp-content\/uploads\/2020\/07\/08771650015366755389827.jpg\">\n\t\t\t\t\t\t\t<i class=\"fas fa-expand\"><\/i>\n\t\t\t\t\t\t<\/a>\n\t\t\t\t\t\t\t\t\t\t<\/div>\n\t\t\t\t<div class=\"fleets-content-sec\">\n\t\t\t\t\t<div class=\"sigma-fleets-title\">\n\t\t\t\t\t\t<h3 class=\"fleets-title\"><a href=\"https:\/\/sogecodel.com\/fr\/flottes\/camion\/\">Camion<\/a><\/h3>\n\t\t\t\t\t<\/div>\n\t\t\t\t\t<p>Dans le secteur industriel et logistique, la manutention et le transport de mat\u00e9riaux lourds sont des d\u00e9fis permanents qui n\u00e9cessitent des solutions ing\u00e9nieuses et efficaces.  <\/p>\n\t\t\t\t\t<div class=\"fleets-action\">\n\t\t\t\t\t\t<a class=\"sigma-fleets-link\" href=\"https:\/\/sogecodel.com\/fr\/flottes\/camion\/\">\n\t\t\t\t\t\t\tExplore\t\t\t\t\t\t<\/a>\n\t\t\t\t\t<\/div>\n\t\t\t\t<\/div>\n\t\t\t<\/div>\n\t\t<\/div>\n\t<\/div>\n<\/div>\n\t\t<\/div>\n\t\t\t\t<div class=\"col-xl-4 col-lg-4 col-md-6 col-sm-12\">\n\t\t\t<div class=\"sigma-fleets-slide\">\n\t<div class=\"sigma-fleets-wrapper\">\n\t\t<div class=\"sigma-fleets-thumbnail-wrapper\">\n\t\t\t\t\t\t<div class=\"sigma-fleets-image-container\">\n\t\t\t\t<a href=\"https:\/\/sogecodel.com\/fr\/flottes\/petit-rva-couvert\/\">\n\t\t\t\t\t\t\t\t\t<img decoding=\"async\" class=\"fleets-image\" src=\"https:\/\/sogecodel.com\/wp-content\/uploads\/2020\/07\/fleet-7.jpg\" alt=\"Petit RVA couvert\">\n\t\t\t\t\t<div class=\"fleet-link\">\n\t\t\t\t\t<a href=\"https:\/\/sogecodel.com\/fr\/flottes\/petit-rva-couvert\/\"><i class=\"fas fa-link\"><\/i><\/a>\n\t\t\t\t\t<\/div>\n\t\t\t\t\t\t\t\t\t<\/a>\n\t\t\t<\/div>\n\t\t\t<div class=\"sigma-fleets-content-cover\">\n\t\t\t\t<div class=\"sigma-fleets-action-icons\">\n\t\t\t\t\t\t\t\t\t\t<a class=\"sigma-mfg-popup-image\" href=\"https:\/\/sogecodel.com\/wp-content\/uploads\/2020\/07\/fleet-7.jpg\">\n\t\t\t\t\t\t\t<i class=\"fas fa-expand\"><\/i>\n\t\t\t\t\t\t<\/a>\n\t\t\t\t\t\t\t\t\t\t<\/div>\n\t\t\t\t<div class=\"fleets-content-sec\">\n\t\t\t\t\t<div class=\"sigma-fleets-title\">\n\t\t\t\t\t\t<h3 class=\"fleets-title\"><a href=\"https:\/\/sogecodel.com\/fr\/flottes\/petit-rva-couvert\/\">Petit RVA couvert<\/a><\/h3>\n\t\t\t\t\t<\/div>\n\t\t\t\t\t<p>Dans le paysage en constante \u00e9volution de la logistique et du transport, les entreprises sont constamment \u00e0 la recherche de solutions innovantes pour am\u00e9liorer leur efficacit\u00e9 et r\u00e9pondre aux exigences du commerce moderne.<\/p>\n\t\t\t\t\t<div class=\"fleets-action\">\n\t\t\t\t\t\t<a class=\"sigma-fleets-link\" href=\"https:\/\/sogecodel.com\/fr\/flottes\/petit-rva-couvert\/\">\n\t\t\t\t\t\t\tExplore\t\t\t\t\t\t<\/a>\n\t\t\t\t\t<\/div>\n\t\t\t\t<\/div>\n\t\t\t<\/div>\n\t\t<\/div>\n\t<\/div>\n<\/div>\n\t\t<\/div>\n\t\t\t\t<div class=\"col-xl-4 col-lg-4 col-md-6 col-sm-12\">\n\t\t\t<div class=\"sigma-fleets-slide\">\n\t<div class=\"sigma-fleets-wrapper\">\n\t\t<div class=\"sigma-fleets-thumbnail-wrapper\">\n\t\t\t\t\t\t<div class=\"sigma-fleets-image-container\">\n\t\t\t\t<a href=\"https:\/\/sogecodel.com\/fr\/flottes\/petit-camion\/\">\n\t\t\t\t\t\t\t\t\t<img decoding=\"async\" class=\"fleets-image\" src=\"https:\/\/sogecodel.com\/wp-content\/uploads\/2020\/07\/fleet-9.jpg\" alt=\"Petit camion\">\n\t\t\t\t\t<div class=\"fleet-link\">\n\t\t\t\t\t<a href=\"https:\/\/sogecodel.com\/fr\/flottes\/petit-camion\/\"><i class=\"fas fa-link\"><\/i><\/a>\n\t\t\t\t\t<\/div>\n\t\t\t\t\t\t\t\t\t<\/a>\n\t\t\t<\/div>\n\t\t\t<div class=\"sigma-fleets-content-cover\">\n\t\t\t\t<div class=\"sigma-fleets-action-icons\">\n\t\t\t\t\t\t\t\t\t\t<a class=\"sigma-mfg-popup-image\" href=\"https:\/\/sogecodel.com\/wp-content\/uploads\/2020\/07\/fleet-9.jpg\">\n\t\t\t\t\t\t\t<i class=\"fas fa-expand\"><\/i>\n\t\t\t\t\t\t<\/a>\n\t\t\t\t\t\t\t\t\t\t<\/div>\n\t\t\t\t<div class=\"fleets-content-sec\">\n\t\t\t\t\t<div class=\"sigma-fleets-title\">\n\t\t\t\t\t\t<h3 class=\"fleets-title\"><a href=\"https:\/\/sogecodel.com\/fr\/flottes\/petit-camion\/\">Petit camion<\/a><\/h3>\n\t\t\t\t\t<\/div>\n\t\t\t\t\t<p>Dans le paysage commercial actuel, qui \u00e9volue rapidement, l&#8217;efficacit\u00e9 du transport et de la logistique joue un r\u00f4le crucial dans la r\u00e9ussite de toute entreprise.  <\/p>\n\t\t\t\t\t<div class=\"fleets-action\">\n\t\t\t\t\t\t<a class=\"sigma-fleets-link\" href=\"https:\/\/sogecodel.com\/fr\/flottes\/petit-camion\/\">\n\t\t\t\t\t\t\tExplore\t\t\t\t\t\t<\/a>\n\t\t\t\t\t<\/div>\n\t\t\t\t<\/div>\n\t\t\t<\/div>\n\t\t<\/div>\n\t<\/div>\n<\/div>\n\t\t<\/div>\n\t\t\t\t<div class=\"col-xl-4 col-lg-4 col-md-6 col-sm-12\">\n\t\t\t<div class=\"sigma-fleets-slide\">\n\t<div class=\"sigma-fleets-wrapper\">\n\t\t<div class=\"sigma-fleets-thumbnail-wrapper\">\n\t\t\t\t\t\t<div class=\"sigma-fleets-image-container\">\n\t\t\t\t<a href=\"https:\/\/sogecodel.com\/fr\/flottes\/petit-camion-ouvert\/\">\n\t\t\t\t\t\t\t\t<\/a>\n\t\t\t<\/div>\n\t\t\t<div class=\"sigma-fleets-content-cover\">\n\t\t\t\t<div class=\"sigma-fleets-action-icons\">\n\t\t\t\t\t\t\t\t<\/div>\n\t\t\t\t<div class=\"fleets-content-sec\">\n\t\t\t\t\t<div class=\"sigma-fleets-title\">\n\t\t\t\t\t\t<h3 class=\"fleets-title\"><a href=\"https:\/\/sogecodel.com\/fr\/flottes\/petit-camion-ouvert\/\">Petit camion ouvert<\/a><\/h3>\n\t\t\t\t\t<\/div>\n\t\t\t\t\t<p>ce qui en fait le premier v\u00e9ritable g\u00e9n\u00e9rateur sur Internet. Il utilise un dictionnaire de plus de 200 mots latins<\/p>\n\t\t\t\t\t<div class=\"fleets-action\">\n\t\t\t\t\t\t<a class=\"sigma-fleets-link\" href=\"https:\/\/sogecodel.com\/fr\/flottes\/petit-camion-ouvert\/\">\n\t\t\t\t\t\t\tExplore\t\t\t\t\t\t<\/a>\n\t\t\t\t\t<\/div>\n\t\t\t\t<\/div>\n\t\t\t<\/div>\n\t\t<\/div>\n\t<\/div>\n<\/div>\n\t\t<\/div>\n\t\t\t\t<div class=\"col-xl-4 col-lg-4 col-md-6 col-sm-12\">\n\t\t\t<div class=\"sigma-fleets-slide\">\n\t<div class=\"sigma-fleets-wrapper\">\n\t\t<div class=\"sigma-fleets-thumbnail-wrapper\">\n\t\t\t\t\t\t<div class=\"sigma-fleets-image-container\">\n\t\t\t\t<a href=\"https:\/\/sogecodel.com\/fr\/flottes\/gros-camion\/\">\n\t\t\t\t\t\t\t\t<\/a>\n\t\t\t<\/div>\n\t\t\t<div class=\"sigma-fleets-content-cover\">\n\t\t\t\t<div class=\"sigma-fleets-action-icons\">\n\t\t\t\t\t\t\t\t<\/div>\n\t\t\t\t<div class=\"fleets-content-sec\">\n\t\t\t\t\t<div class=\"sigma-fleets-title\">\n\t\t\t\t\t\t<h3 class=\"fleets-title\"><a href=\"https:\/\/sogecodel.com\/fr\/flottes\/gros-camion\/\">Gros camion<\/a><\/h3>\n\t\t\t\t\t<\/div>\n\t\t\t\t\t<p>ce qui en fait le premier v\u00e9ritable g\u00e9n\u00e9rateur sur Internet. Il utilise un dictionnaire de plus de 200 mots latins,<\/p>\n\t\t\t\t\t<div class=\"fleets-action\">\n\t\t\t\t\t\t<a class=\"sigma-fleets-link\" href=\"https:\/\/sogecodel.com\/fr\/flottes\/gros-camion\/\">\n\t\t\t\t\t\t\tExplore\t\t\t\t\t\t<\/a>\n\t\t\t\t\t<\/div>\n\t\t\t\t<\/div>\n\t\t\t<\/div>\n\t\t<\/div>\n\t<\/div>\n<\/div>\n\t\t<\/div>\n\t\t\t\t<div class=\"col-xl-4 col-lg-4 col-md-6 col-sm-12\">\n\t\t\t<div class=\"sigma-fleets-slide\">\n\t<div class=\"sigma-fleets-wrapper\">\n\t\t<div class=\"sigma-fleets-thumbnail-wrapper\">\n\t\t\t\t\t\t<div class=\"sigma-fleets-image-container\">\n\t\t\t\t<a href=\"https:\/\/sogecodel.com\/fr\/flottes\/camion-extra-large\/\">\n\t\t\t\t\t\t\t\t<\/a>\n\t\t\t<\/div>\n\t\t\t<div class=\"sigma-fleets-content-cover\">\n\t\t\t\t<div class=\"sigma-fleets-action-icons\">\n\t\t\t\t\t\t\t\t<\/div>\n\t\t\t\t<div class=\"fleets-content-sec\">\n\t\t\t\t\t<div class=\"sigma-fleets-title\">\n\t\t\t\t\t\t<h3 class=\"fleets-title\"><a href=\"https:\/\/sogecodel.com\/fr\/flottes\/camion-extra-large\/\">Camion extra-large<\/a><\/h3>\n\t\t\t\t\t<\/div>\n\t\t\t\t\t<p>ce qui en fait le premier v\u00e9ritable g\u00e9n\u00e9rateur sur Internet. Il utilise un dictionnaire de plus de 200 mots latins,<\/p>\n\t\t\t\t\t<div class=\"fleets-action\">\n\t\t\t\t\t\t<a class=\"sigma-fleets-link\" href=\"https:\/\/sogecodel.com\/fr\/flottes\/camion-extra-large\/\">\n\t\t\t\t\t\t\tExplore\t\t\t\t\t\t<\/a>\n\t\t\t\t\t<\/div>\n\t\t\t\t<\/div>\n\t\t\t<\/div>\n\t\t<\/div>\n\t<\/div>\n<\/div>\n\t\t<\/div>\n\t\t<\/div>\n\t\t<\/div>\n\t\t[\/vc_column][\/vc_row]<\/p>\n","protected":false},"excerpt":{"rendered":"<p>[vc_row][vc_column][\/vc_column][\/vc_row]<\/p>\n","protected":false},"author":1,"featured_media":0,"parent":0,"menu_order":0,"comment_status":"closed","ping_status":"closed","template":"templates\/full-width.php","meta":{"_oct_exclude_from_cache":false,"_mi_skip_tracking":false,"_monsterinsights_sitenote_active":false,"_monsterinsights_sitenote_note":"","_monsterinsights_sitenote_category":0,"footnotes":""},"class_list":["post-2009","page","type-page","status-publish","hentry","without-image"],"yoast_head":"<!-- This site is optimized with the Yoast SEO plugin v20.13 - https:\/\/yoast.com\/wordpress\/plugins\/seo\/ -->\n<title>Nos flottes - SOGECODEL SARL<\/title>\n<meta name=\"robots\" content=\"index, follow, max-snippet:-1, max-image-preview:large, max-video-preview:-1\" \/>\n<link rel=\"canonical\" href=\"https:\/\/sogecodel.com\/fr\/nos-flottes\/\" \/>\n<meta property=\"og:locale\" content=\"fr_FR\" \/>\n<meta property=\"og:type\" content=\"article\" \/>\n<meta property=\"og:title\" content=\"Nos flottes - SOGECODEL SARL\" \/>\n<meta property=\"og:description\" content=\"[vc_row][vc_column][\/vc_column][\/vc_row]\" \/>\n<meta property=\"og:url\" content=\"https:\/\/sogecodel.com\/fr\/nos-flottes\/\" \/>\n<meta property=\"og:site_name\" content=\"SOGECODEL SARL\" \/>\n<meta property=\"article:modified_time\" content=\"2023-08-07T13:05:37+00:00\" \/>\n<meta name=\"twitter:card\" content=\"summary_large_image\" \/>\n<script type=\"application\/ld+json\" class=\"yoast-schema-graph\">{\"@context\":\"https:\/\/schema.org\",\"@graph\":[{\"@type\":\"WebPage\",\"@id\":\"https:\/\/sogecodel.com\/fr\/nos-flottes\/\",\"url\":\"https:\/\/sogecodel.com\/fr\/nos-flottes\/\",\"name\":\"Nos flottes - SOGECODEL SARL\",\"isPartOf\":{\"@id\":\"https:\/\/sogecodel.com\/fr\/#website\"},\"datePublished\":\"2020-05-31T08:09:54+00:00\",\"dateModified\":\"2023-08-07T13:05:37+00:00\",\"breadcrumb\":{\"@id\":\"https:\/\/sogecodel.com\/fr\/nos-flottes\/#breadcrumb\"},\"inLanguage\":\"fr-FR\",\"potentialAction\":[{\"@type\":\"ReadAction\",\"target\":[\"https:\/\/sogecodel.com\/fr\/nos-flottes\/\"]}]},{\"@type\":\"BreadcrumbList\",\"@id\":\"https:\/\/sogecodel.com\/fr\/nos-flottes\/#breadcrumb\",\"itemListElement\":[{\"@type\":\"ListItem\",\"position\":1,\"name\":\"Home\",\"item\":\"https:\/\/sogecodel.com\/fr\/\"},{\"@type\":\"ListItem\",\"position\":2,\"name\":\"Nos flottes\"}]},{\"@type\":\"WebSite\",\"@id\":\"https:\/\/sogecodel.com\/fr\/#website\",\"url\":\"https:\/\/sogecodel.com\/fr\/\",\"name\":\"SOGECODEL SARL\",\"description\":\"SOGECODEL S.A.R.L specializes in customs clearance, brokerage, and import-export solutions. We facilitate the smooth flow of goods, ensuring compliance with regulations and efficient trade operations.\",\"publisher\":{\"@id\":\"https:\/\/sogecodel.com\/fr\/#organization\"},\"potentialAction\":[{\"@type\":\"SearchAction\",\"target\":{\"@type\":\"EntryPoint\",\"urlTemplate\":\"https:\/\/sogecodel.com\/fr\/?s={search_term_string}\"},\"query-input\":\"required name=search_term_string\"}],\"inLanguage\":\"fr-FR\"},{\"@type\":\"Organization\",\"@id\":\"https:\/\/sogecodel.com\/fr\/#organization\",\"name\":\"SOGECODEL SARL\",\"url\":\"https:\/\/sogecodel.com\/fr\/\",\"logo\":{\"@type\":\"ImageObject\",\"inLanguage\":\"fr-FR\",\"@id\":\"https:\/\/sogecodel.com\/fr\/#\/schema\/logo\/image\/\",\"url\":\"https:\/\/sogecodel.com\/wp-content\/uploads\/2022\/02\/logo-1.png\",\"contentUrl\":\"https:\/\/sogecodel.com\/wp-content\/uploads\/2022\/02\/logo-1.png\",\"width\":656,\"height\":170,\"caption\":\"SOGECODEL SARL\"},\"image\":{\"@id\":\"https:\/\/sogecodel.com\/fr\/#\/schema\/logo\/image\/\"}}]}<\/script>\n<!-- \/ Yoast SEO plugin. -->","yoast_head_json":{"title":"Nos flottes - SOGECODEL SARL","robots":{"index":"index","follow":"follow","max-snippet":"max-snippet:-1","max-image-preview":"max-image-preview:large","max-video-preview":"max-video-preview:-1"},"canonical":"https:\/\/sogecodel.com\/fr\/nos-flottes\/","og_locale":"fr_FR","og_type":"article","og_title":"Nos flottes - SOGECODEL SARL","og_description":"[vc_row][vc_column][\/vc_column][\/vc_row]","og_url":"https:\/\/sogecodel.com\/fr\/nos-flottes\/","og_site_name":"SOGECODEL SARL","article_modified_time":"2023-08-07T13:05:37+00:00","twitter_card":"summary_large_image","schema":{"@context":"https:\/\/schema.org","@graph":[{"@type":"WebPage","@id":"https:\/\/sogecodel.com\/fr\/nos-flottes\/","url":"https:\/\/sogecodel.com\/fr\/nos-flottes\/","name":"Nos flottes - SOGECODEL SARL","isPartOf":{"@id":"https:\/\/sogecodel.com\/fr\/#website"},"datePublished":"2020-05-31T08:09:54+00:00","dateModified":"2023-08-07T13:05:37+00:00","breadcrumb":{"@id":"https:\/\/sogecodel.com\/fr\/nos-flottes\/#breadcrumb"},"inLanguage":"fr-FR","potentialAction":[{"@type":"ReadAction","target":["https:\/\/sogecodel.com\/fr\/nos-flottes\/"]}]},{"@type":"BreadcrumbList","@id":"https:\/\/sogecodel.com\/fr\/nos-flottes\/#breadcrumb","itemListElement":[{"@type":"ListItem","position":1,"name":"Home","item":"https:\/\/sogecodel.com\/fr\/"},{"@type":"ListItem","position":2,"name":"Nos flottes"}]},{"@type":"WebSite","@id":"https:\/\/sogecodel.com\/fr\/#website","url":"https:\/\/sogecodel.com\/fr\/","name":"SOGECODEL SARL","description":"SOGECODEL S.A.R.L specializes in customs clearance, brokerage, and import-export solutions. We facilitate the smooth flow of goods, ensuring compliance with regulations and efficient trade operations.","publisher":{"@id":"https:\/\/sogecodel.com\/fr\/#organization"},"potentialAction":[{"@type":"SearchAction","target":{"@type":"EntryPoint","urlTemplate":"https:\/\/sogecodel.com\/fr\/?s={search_term_string}"},"query-input":"required name=search_term_string"}],"inLanguage":"fr-FR"},{"@type":"Organization","@id":"https:\/\/sogecodel.com\/fr\/#organization","name":"SOGECODEL SARL","url":"https:\/\/sogecodel.com\/fr\/","logo":{"@type":"ImageObject","inLanguage":"fr-FR","@id":"https:\/\/sogecodel.com\/fr\/#\/schema\/logo\/image\/","url":"https:\/\/sogecodel.com\/wp-content\/uploads\/2022\/02\/logo-1.png","contentUrl":"https:\/\/sogecodel.com\/wp-content\/uploads\/2022\/02\/logo-1.png","width":656,"height":170,"caption":"SOGECODEL SARL"},"image":{"@id":"https:\/\/sogecodel.com\/fr\/#\/schema\/logo\/image\/"}}]}},"_links":{"self":[{"href":"https:\/\/sogecodel.com\/fr\/wp-json\/wp\/v2\/pages\/2009","targetHints":{"allow":["GET"]}}],"collection":[{"href":"https:\/\/sogecodel.com\/fr\/wp-json\/wp\/v2\/pages"}],"about":[{"href":"https:\/\/sogecodel.com\/fr\/wp-json\/wp\/v2\/types\/page"}],"author":[{"embeddable":true,"href":"https:\/\/sogecodel.com\/fr\/wp-json\/wp\/v2\/users\/1"}],"replies":[{"embeddable":true,"href":"https:\/\/sogecodel.com\/fr\/wp-json\/wp\/v2\/comments?post=2009"}],"version-history":[{"count":2,"href":"https:\/\/sogecodel.com\/fr\/wp-json\/wp\/v2\/pages\/2009\/revisions"}],"predecessor-version":[{"id":2016,"href":"https:\/\/sogecodel.com\/fr\/wp-json\/wp\/v2\/pages\/2009\/revisions\/2016"}],"wp:attachment":[{"href":"https:\/\/sogecodel.com\/fr\/wp-json\/wp\/v2\/media?parent=2009"}],"curies":[{"name":"wp","href":"https:\/\/api.w.org\/{rel}","templated":true}]}}